{"id":952,"date":"2016-07-15T14:19:28","date_gmt":"2016-07-15T14:19:28","guid":{"rendered":"http:\/\/test.kriesi.at\/enfold-medical\/?page_id=952"},"modified":"2025-02-11T15:11:06","modified_gmt":"2025-02-11T15:11:06","slug":"services","status":"publish","type":"page","link":"https:\/\/beta.office-tech.info\/?page_id=952","title":{"rendered":"Dienstleistungen"},"content":{"rendered":"<div id='av-layout-grid-1'  class='av-layout-grid-container av-9to24o-fa511a95ae5732a708c3c995e8b9c151 entry-content-wrapper main_color av-flex-cells  avia-builder-el-0  el_before_av_section  avia-builder-el-first   container_wrap sidebar_right'  >\n\n<style type=\"text\/css\" data-created_by=\"avia_inline_auto\" id=\"style-css-av-9qpu20-acec1cbd92406a89505018bc5e8210ef\">\n.flex_cell.av-9qpu20-acec1cbd92406a89505018bc5e8210ef{\nvertical-align:middle;\nheight:500px;\nmin-height:500px;\nbackground:url(https:\/\/beta.office-tech.info\/wp-content\/uploads\/2025\/02\/Server-Maintaince-1-1200x686.webp) 0% 0% no-repeat scroll #000000;\n}\n.responsive #top #wrap_all .flex_cell.av-9qpu20-acec1cbd92406a89505018bc5e8210ef{\npadding:0px 0px 0px 0px !important;\n}\n<\/style>\n<div class='flex_cell av-9qpu20-acec1cbd92406a89505018bc5e8210ef av-gridrow-cell av_one_half no_margin  avia-builder-el-1  el_before_av_cell_one_half  avia-builder-el-first  av-zero-padding avia-full-stretch'  ><div class='flex_cell_inner'><\/div><\/div>\n<style type=\"text\/css\" data-created_by=\"avia_inline_auto\" id=\"style-css-av-ygtps-364be7e6619fd8cbd825d6d794b95b29\">\n.flex_cell.av-ygtps-364be7e6619fd8cbd825d6d794b95b29{\nvertical-align:middle;\nheight:500px;\nmin-height:500px;\nbackground-color:#000000;\n}\n.responsive #top #wrap_all .flex_cell.av-ygtps-364be7e6619fd8cbd825d6d794b95b29{\npadding:80px 80px 80px 80px !important;\n}\n<\/style>\n<div class='flex_cell av-ygtps-364be7e6619fd8cbd825d6d794b95b29 av-gridrow-cell av_one_half no_margin  avia-builder-el-2  el_after_av_cell_one_half  avia-builder-el-last '  ><div class='flex_cell_inner'><p>\n<style type=\"text\/css\" data-created_by=\"avia_inline_auto\" id=\"style-css-av-9cnj7c-ff529ee4374775d9adbb481f41421a7b\">\n#top .av-special-heading.av-9cnj7c-ff529ee4374775d9adbb481f41421a7b{\npadding-bottom:25px;\ncolor:#ff6501;\nfont-size:34px;\n}\nbody .av-special-heading.av-9cnj7c-ff529ee4374775d9adbb481f41421a7b .av-special-heading-tag .heading-char{\nfont-size:25px;\n}\n#top #wrap_all .av-special-heading.av-9cnj7c-ff529ee4374775d9adbb481f41421a7b .av-special-heading-tag{\nfont-size:34px;\n}\n.av-special-heading.av-9cnj7c-ff529ee4374775d9adbb481f41421a7b .special-heading-inner-border{\nborder-color:#ff6501;\n}\n.av-special-heading.av-9cnj7c-ff529ee4374775d9adbb481f41421a7b .av-subheading{\nfont-size:15px;\n}\n\n@media only screen and (min-width: 480px) and (max-width: 767px){ \n#top #wrap_all .av-special-heading.av-9cnj7c-ff529ee4374775d9adbb481f41421a7b .av-special-heading-tag{\nfont-size:0.8em;\n}\n}\n\n@media only screen and (max-width: 479px){ \n#top #wrap_all .av-special-heading.av-9cnj7c-ff529ee4374775d9adbb481f41421a7b .av-special-heading-tag{\nfont-size:0.8em;\n}\n}\n<\/style>\n<div  class='av-special-heading av-9cnj7c-ff529ee4374775d9adbb481f41421a7b av-special-heading-h3 custom-color-heading blockquote modern-quote  avia-builder-el-3  el_before_av_textblock  avia-builder-el-first  av-inherit-size'><h3 class='av-special-heading-tag'  itemprop=\"headline\"  >Unsere Dienstleistungen<\/h3><div class=\"special-heading-border\"><div class=\"special-heading-inner-border\"><\/div><\/div><\/div><br \/>\n\n<style type=\"text\/css\" data-created_by=\"avia_inline_auto\" id=\"style-css-av-95xlbs-02c408ca0f2d9d9f3ee59cc52d927692\">\n#top .av_textblock_section.av-95xlbs-02c408ca0f2d9d9f3ee59cc52d927692 .avia_textblock{\ncolor:#ffffff;\n}\n<\/style>\n<section  class='av_textblock_section av-95xlbs-02c408ca0f2d9d9f3ee59cc52d927692 '   itemscope=\"itemscope\" itemtype=\"https:\/\/schema.org\/CreativeWork\" ><div class='avia_textblock av_inherit_color'  itemprop=\"text\" ><p>Wir sind Ihr kompetenter Partner f\u00fcr alle Belange der Informationstechnologie. Mit langj\u00e4hriger Erfahrung und einem breiten Spektrum an Dienstleistungen bieten wir Ihnen anpassungsf\u00e4hige L\u00f6sungen, die auf Ihre individuellen Bed\u00fcrfnisse zugeschnitten sind. Von der Planung und Implementierung von Netzwerken bis hin zur Wartung und Optimierung Ihrer IT-Infrastruktur \u2013 wir unterst\u00fctzen Sie bei allen Herausforderungen der digitalen Welt.<\/p>\n<\/div><\/section><\/p>\n<\/div><\/div>\n<\/div>\n<div id='av_section_1'  class='avia-section av-917hvc-6091587fd7bc317e7e777ea44161c617 main_color avia-section-huge avia-no-border-styling  avia-builder-el-5  el_after_av_layout_row  avia-builder-el-last  avia-bg-style-scroll container_wrap sidebar_right'  ><div class='container av-section-cont-open' ><div class='template-page content  av-content-small alpha units'><div class='post-entry post-entry-type-page post-entry-952'><div class='entry-content-wrapper clearfix'>\n<div class='flex_column_table av-8u6tf4-77881ed324cd4107bdec908d29bec651 sc-av_one_third av-equal-height-column-flextable'>\n<style type=\"text\/css\" data-created_by=\"avia_inline_auto\" id=\"style-css-av-8u6tf4-77881ed324cd4107bdec908d29bec651\">\n#top .flex_column_table.av-equal-height-column-flextable.av-8u6tf4-77881ed324cd4107bdec908d29bec651{\nmargin-top:-200px;\nmargin-bottom:0px;\n}\n.flex_column.av-8u6tf4-77881ed324cd4107bdec908d29bec651{\nborder-radius:0px 0px 0px 0px;\npadding:40px 40px 40px 40px;\n}\n<\/style>\n<div  class='flex_column av-8u6tf4-77881ed324cd4107bdec908d29bec651 av_one_third  avia-builder-el-6  el_before_av_one_third  avia-builder-el-first  first no_margin flex_column_table_cell av-equal-height-column av-align-top  '     ><\/div>\n<style type=\"text\/css\" data-created_by=\"avia_inline_auto\" id=\"style-css-av-8oqnow-00480296e310a9daca3a304e240c22b4\">\n#top .flex_column_table.av-equal-height-column-flextable.av-8oqnow-00480296e310a9daca3a304e240c22b4{\nmargin-top:-200px;\nmargin-bottom:0px;\n}\n.flex_column.av-8oqnow-00480296e310a9daca3a304e240c22b4{\nborder-radius:0px 0px 0px 0px;\npadding:40px 40px 40px 40px;\n}\n<\/style>\n<div  class='flex_column av-8oqnow-00480296e310a9daca3a304e240c22b4 av_one_third  avia-builder-el-7  el_after_av_one_third  el_before_av_one_third  no_margin flex_column_table_cell av-equal-height-column av-align-top  '     ><p>\n<style type=\"text\/css\" data-created_by=\"avia_inline_auto\" id=\"style-css-av-8kljmw-1b997ada78ef4efb5d9bc157e8247746\">\n.av_font_icon.av-8kljmw-1b997ada78ef4efb5d9bc157e8247746{\ncolor:#ffffff;\nborder-color:#ffffff;\n}\n.av_font_icon.av-8kljmw-1b997ada78ef4efb5d9bc157e8247746 .av-icon-char{\nfont-size:60px;\nline-height:60px;\n}\n<\/style>\n<span  class='av_font_icon av-8kljmw-1b997ada78ef4efb5d9bc157e8247746 avia_animate_when_visible av-icon-style- avia-icon-pos-center avia-icon-animate'><span class='av-icon-char' aria-hidden='true' data-av_icon='\ue811' data-av_iconfont='entypo-fontello' ><\/span><\/span><br \/>\n\n<style type=\"text\/css\" data-created_by=\"avia_inline_auto\" id=\"style-css-av-8bc3s0-c13ce29acd312c08077a7d2c3f10e718\">\n#top .hr.hr-invisible.av-8bc3s0-c13ce29acd312c08077a7d2c3f10e718{\nheight:20px;\n}\n<\/style>\n<div  class='hr av-8bc3s0-c13ce29acd312c08077a7d2c3f10e718 hr-invisible  avia-builder-el-9  el_after_av_font_icon  el_before_av_textblock '><span class='hr-inner '><span class=\"hr-inner-style\"><\/span><\/span><\/div><br \/>\n\n<style type=\"text\/css\" data-created_by=\"avia_inline_auto\" id=\"style-css-av-84xl60-7e3f38b93140fe9f572ed5e947638a9a\">\n#top .av_textblock_section.av-84xl60-7e3f38b93140fe9f572ed5e947638a9a .avia_textblock{\ncolor:#ffffff;\n}\n<\/style>\n<section  class='av_textblock_section av-84xl60-7e3f38b93140fe9f572ed5e947638a9a '   itemscope=\"itemscope\" itemtype=\"https:\/\/schema.org\/CreativeWork\" ><div class='avia_textblock av_inherit_color'  itemprop=\"text\" ><h4 style=\"text-align: center;\">Dienste<\/h4>\n<p style=\"text-align: center;\">Hier ist eine Liste von verschiedenen Diensten die wir Anbieten.<\/p>\n<\/div><\/section><br \/>\n\n<style type=\"text\/css\" data-created_by=\"avia_inline_auto\" id=\"style-css-av-7zv3q0-18ab9e78079a4827157594634e79704e\">\n#top .hr.hr-invisible.av-7zv3q0-18ab9e78079a4827157594634e79704e{\nheight:8px;\n}\n<\/style>\n<div  class='hr av-7zv3q0-18ab9e78079a4827157594634e79704e hr-invisible  avia-builder-el-11  el_after_av_textblock  el_before_av_button '><span class='hr-inner '><span class=\"hr-inner-style\"><\/span><\/span><\/div><br \/>\n<div  class='avia-button-wrap av-7subew-f218210cadef108d4884ba4fd340b162-wrap avia-button-center  avia-builder-el-12  el_after_av_hr  avia-builder-el-last '><a href='https:\/\/beta.office-tech.info\/?page_id=954'  class='avia-button av-7subew-f218210cadef108d4884ba4fd340b162 avia-icon_select-no avia-size-medium avia-position-center avia-color-light'  ><span class='avia_iconbox_title' >Vereinbaren Sie einen Termin!<\/span><\/a><\/div><\/p><\/div>\n<style type=\"text\/css\" data-created_by=\"avia_inline_auto\" id=\"style-css-av-7mt8lk-63de7034f2898db771103c05e24877c9\">\n#top .flex_column_table.av-equal-height-column-flextable.av-7mt8lk-63de7034f2898db771103c05e24877c9{\nmargin-top:-200px;\nmargin-bottom:0px;\n}\n.flex_column.av-7mt8lk-63de7034f2898db771103c05e24877c9{\nborder-radius:0px 0px 0px 0px;\npadding:40px 40px 40px 40px;\n}\n<\/style>\n<div  class='flex_column av-7mt8lk-63de7034f2898db771103c05e24877c9 av_one_third  avia-builder-el-13  el_after_av_one_third  el_before_av_one_full  no_margin flex_column_table_cell av-equal-height-column av-align-top  '     ><\/div><\/div><!--close column table wrapper. Autoclose: 1 -->\n<style type=\"text\/css\" data-created_by=\"avia_inline_auto\" id=\"style-css-av-736pew-863b8fdfb4b8ec233a93ecfdf7858a96\">\n.flex_column.av-736pew-863b8fdfb4b8ec233a93ecfdf7858a96{\nborder-radius:0px 0px 0px 0px;\npadding:0px 0px 0px 0px;\n}\n<\/style>\n<div  class='flex_column av-736pew-863b8fdfb4b8ec233a93ecfdf7858a96 av_one_full  avia-builder-el-14  el_after_av_one_third  avia-builder-el-last  first flex_column_div av-animated-generic bottom-to-top av-zero-column-padding  column-top-margin'     ><p>\n<style type=\"text\/css\" data-created_by=\"avia_inline_auto\" id=\"style-css-av-6tvnoo-661a2cc305dd8d23319626a669506342\">\n#top .av-special-heading.av-6tvnoo-661a2cc305dd8d23319626a669506342{\npadding-bottom:20px;\nfont-size:34px;\n}\nbody .av-special-heading.av-6tvnoo-661a2cc305dd8d23319626a669506342 .av-special-heading-tag .heading-char{\nfont-size:25px;\n}\n#top #wrap_all .av-special-heading.av-6tvnoo-661a2cc305dd8d23319626a669506342 .av-special-heading-tag{\nfont-size:34px;\n}\n.av-special-heading.av-6tvnoo-661a2cc305dd8d23319626a669506342 .av-subheading{\nfont-size:15px;\n}\n\n@media only screen and (min-width: 480px) and (max-width: 767px){ \n#top #wrap_all .av-special-heading.av-6tvnoo-661a2cc305dd8d23319626a669506342 .av-special-heading-tag{\nfont-size:0.8em;\n}\n}\n\n@media only screen and (max-width: 479px){ \n#top #wrap_all .av-special-heading.av-6tvnoo-661a2cc305dd8d23319626a669506342 .av-special-heading-tag{\nfont-size:0.8em;\n}\n}\n<\/style>\n<div  class='av-special-heading av-6tvnoo-661a2cc305dd8d23319626a669506342 av-special-heading-h3 blockquote modern-quote  avia-builder-el-15  el_before_av_textblock  avia-builder-el-first  av-inherit-size'><h3 class='av-special-heading-tag'  itemprop=\"headline\"  >Eine Liste von unseren Dienstleistungen<\/h3><div class=\"special-heading-border\"><div class=\"special-heading-inner-border\"><\/div><\/div><\/div><br \/>\n<section  class='av_textblock_section av-6o5rnc-faa9ee6af44558e1c22d45b7d198062f '   itemscope=\"itemscope\" itemtype=\"https:\/\/schema.org\/CreativeWork\" ><div class='avia_textblock'  itemprop=\"text\" ><ul>\n<li><a href=\"https:\/\/beta.office-tech.info\/?page_id=1231\">Netzwerkdesign\/ -betrieb<\/a><\/li>\n<li><a href=\"https:\/\/beta.office-tech.info\/?page_id=1235\">Mailsysteme<\/a><\/li>\n<li><a href=\"https:\/\/beta.office-tech.info\/?page_id=1241\">Intra- und Internet<\/a><\/li>\n<li><a href=\"https:\/\/beta.office-tech.info\/?page_id=1244\">Ausfallsicherheit<\/a><\/li>\n<li><a href=\"https:\/\/beta.office-tech.info\/?page_id=1247\">Remote-Verwaltung \/ -Wartung<\/a><\/li>\n<li><a href=\"https:\/\/beta.office-tech.info\/?page_id=1250\">Optimierung des bestehenden Systems<\/a><\/li>\n<li><a href=\"https:\/\/beta.office-tech.info\/?page_id=1253\">Webdesign &#038; Programmierung<\/a><\/li>\n<li><a href=\"https:\/\/beta.office-tech.info\/?page_id=1256\">Webhosting<\/a><\/li>\n<li><a href=\"https:\/\/beta.office-tech.info\/?page_id=1256\">Netzwerkanalyse<\/a><\/li>\n<li><a href=\"https:\/\/beta.office-tech.info\/?page_id=1256\">Datenrettung<\/a><\/li>\n<li><a href=\"https:\/\/beta.office-tech.info\/?page_id=1256\">Ressourcenoptimierung<\/a><\/li>\n<li><a href=\"https:\/\/beta.office-tech.info\/?page_id=1256\">Allgemeine EDV Betreuung und Dokumentierung<\/a><\/li>\n<li><a href=\"https:\/\/beta.office-tech.info\/?page_id=1256\">Hard und Software Beschaffung<\/a><\/li>\n<li><a href=\"https:\/\/beta.office-tech.info\/?page_id=1256\">Wartungsvertr\u00e4ge<\/a><\/li>\n<li><a href=\"https:\/\/beta.office-tech.info\/?page_id=1256\">Datenschutz<\/a><\/li>\n<li><a href=\"https:\/\/beta.office-tech.info\/?page_id=1256\">Sonstiges<\/a><\/li>\n<\/ul>\n<\/div><\/section><\/p><\/div>\n<\/div><\/div><\/div><!-- close content main div --><\/div><\/div><div id='after_section_1'  class='main_color av_default_container_wrap container_wrap sidebar_right'  ><div class='container av-section-cont-open' ><div class='template-page content  av-content-small alpha units'><div class='post-entry post-entry-type-page post-entry-952'><div class='entry-content-wrapper clearfix'>\n","protected":false},"excerpt":{"rendered":"","protected":false},"author":1,"featured_media":0,"parent":0,"menu_order":0,"comment_status":"closed","ping_status":"closed","template":"","meta":{"footnotes":""},"class_list":["post-952","page","type-page","status-publish","hentry"],"_links":{"self":[{"href":"https:\/\/beta.office-tech.info\/index.php?rest_route=\/wp\/v2\/pages\/952","targetHints":{"allow":["GET"]}}],"collection":[{"href":"https:\/\/beta.office-tech.info\/index.php?rest_route=\/wp\/v2\/pages"}],"about":[{"href":"https:\/\/beta.office-tech.info\/index.php?rest_route=\/wp\/v2\/types\/page"}],"author":[{"embeddable":true,"href":"https:\/\/beta.office-tech.info\/index.php?rest_route=\/wp\/v2\/users\/1"}],"replies":[{"embeddable":true,"href":"https:\/\/beta.office-tech.info\/index.php?rest_route=%2Fwp%2Fv2%2Fcomments&post=952"}],"version-history":[{"count":19,"href":"https:\/\/beta.office-tech.info\/index.php?rest_route=\/wp\/v2\/pages\/952\/revisions"}],"predecessor-version":[{"id":1370,"href":"https:\/\/beta.office-tech.info\/index.php?rest_route=\/wp\/v2\/pages\/952\/revisions\/1370"}],"wp:attachment":[{"href":"https:\/\/beta.office-tech.info\/index.php?rest_route=%2Fwp%2Fv2%2Fmedia&parent=952"}],"curies":[{"name":"wp","href":"https:\/\/api.w.org\/{rel}","templated":true}]}}