{"id":1557,"date":"2025-02-14T13:05:05","date_gmt":"2025-02-14T13:05:05","guid":{"rendered":"https:\/\/beta.office-tech.info\/?page_id=1557"},"modified":"2025-02-14T13:08:04","modified_gmt":"2025-02-14T13:08:04","slug":"fernwartung-2","status":"publish","type":"page","link":"https:\/\/beta.office-tech.info\/?page_id=1557","title":{"rendered":"Fernwartung"},"content":{"rendered":"\n<h2 class=\"wp-block-heading\">Fernwartung<\/h2>\n\n\n\n<p>TeamViewer ist unsere L\u00f6sung f\u00fcr das einfache und schnelle Desktop-Sharing:<br>Wir k\u00f6nnen Ihren Bildschirm fernsteuern, um Online-Unterst\u00fctzung zu bieten.<br>Alles, ohne sich \u00fcber Firewalls, IP-Adressen oder NAT Gedanken zu machen.<\/p>\n\n\n\n<hr class=\"wp-block-separator has-alpha-channel-opacity\"\/>\n\n\n\n<figure class=\"wp-block-image size-full\"><img loading=\"lazy\" decoding=\"async\" width=\"768\" height=\"432\" src=\"https:\/\/beta.office-tech.info\/wp-content\/uploads\/2025\/02\/tv-768x432-1.png\" alt=\"\" class=\"wp-image-1558\" srcset=\"https:\/\/beta.office-tech.info\/wp-content\/uploads\/2025\/02\/tv-768x432-1.png 768w, https:\/\/beta.office-tech.info\/wp-content\/uploads\/2025\/02\/tv-768x432-1-500x281.png 500w, https:\/\/beta.office-tech.info\/wp-content\/uploads\/2025\/02\/tv-768x432-1-705x397.png 705w\" sizes=\"auto, (max-width: 768px) 100vw, 768px\" \/><\/figure>\n\n\n\n<hr class=\"wp-block-separator has-alpha-channel-opacity\"\/>\n\n\n\n<div class=\"wp-block-buttons is-layout-flex wp-block-buttons-is-layout-flex\">\n<div class=\"wp-block-button\"><a class=\"wp-block-button__link wp-element-button\" href=\"http:\/\/get.teamviewer.com\/Office-Tech\">Teamviewer Download f\u00fcr alle Windows Versionen<\/a><\/div>\n<\/div>\n\n\n\n<p>Alternative:<a href=\"https:\/\/www.teamviewer.com\/de\/download\/mac.aspx\">Mac<\/a> <a href=\"https:\/\/www.teamviewer.com\/de\/download\/linux.aspx\">Linux<\/a> <a href=\"https:\/\/www.teamviewer.com\/de\/download\/mobile-app.aspx\">Mobile<\/a><\/p>\n","protected":false},"excerpt":{"rendered":"<p>Fernwartung TeamViewer ist unsere L\u00f6sung f\u00fcr das einfache und schnelle Desktop-Sharing:Wir k\u00f6nnen Ihren Bildschirm fernsteuern, um Online-Unterst\u00fctzung zu bieten.Alles, ohne sich \u00fcber Firewalls, IP-Adressen oder NAT Gedanken zu machen. Alternative:Mac Linux Mobile<\/p>\n","protected":false},"author":3,"featured_media":0,"parent":0,"menu_order":0,"comment_status":"closed","ping_status":"closed","template":"","meta":{"footnotes":""},"class_list":["post-1557","page","type-page","status-publish","hentry"],"_links":{"self":[{"href":"https:\/\/beta.office-tech.info\/index.php?rest_route=\/wp\/v2\/pages\/1557","targetHints":{"allow":["GET"]}}],"collection":[{"href":"https:\/\/beta.office-tech.info\/index.php?rest_route=\/wp\/v2\/pages"}],"about":[{"href":"https:\/\/beta.office-tech.info\/index.php?rest_route=\/wp\/v2\/types\/page"}],"author":[{"embeddable":true,"href":"https:\/\/beta.office-tech.info\/index.php?rest_route=\/wp\/v2\/users\/3"}],"replies":[{"embeddable":true,"href":"https:\/\/beta.office-tech.info\/index.php?rest_route=%2Fwp%2Fv2%2Fcomments&post=1557"}],"version-history":[{"count":2,"href":"https:\/\/beta.office-tech.info\/index.php?rest_route=\/wp\/v2\/pages\/1557\/revisions"}],"predecessor-version":[{"id":1561,"href":"https:\/\/beta.office-tech.info\/index.php?rest_route=\/wp\/v2\/pages\/1557\/revisions\/1561"}],"wp:attachment":[{"href":"https:\/\/beta.office-tech.info\/index.php?rest_route=%2Fwp%2Fv2%2Fmedia&parent=1557"}],"curies":[{"name":"wp","href":"https:\/\/api.w.org\/{rel}","templated":true}]}}