{"id":1375,"date":"2025-02-11T15:41:48","date_gmt":"2025-02-11T15:41:48","guid":{"rendered":"https:\/\/beta.office-tech.info\/?page_id=1375"},"modified":"2025-02-13T17:30:47","modified_gmt":"2025-02-13T17:30:47","slug":"downloads-2","status":"publish","type":"page","link":"https:\/\/beta.office-tech.info\/?page_id=1375","title":{"rendered":"Downloads"},"content":{"rendered":"\n<h2 class=\"wp-block-heading\">Downloads.<\/h2>\n\n\n\n<p>Auf dieser Seite befinden sich Downloadlinks zu praktischen Programmen welche wir des \u00d6fteren verwenden.<\/p>\n\n\n\n<p><\/p>\n\n\n\n<hr class=\"wp-block-separator has-alpha-channel-opacity\"\/>\n\n\n\n<h2 class=\"wp-block-heading\">Adobe Acrobat Reader<\/h2>\n\n\n\n<p>Der \u201eAdobe Reader\u201c geh\u00f6rt heutzutage auf jeden Rechner zur Standard-Ausstattung. Die Software ist weiterhin gratis und erlaubt das Betrachten sowie Drucken von PDF-Dokumenten.<\/p>\n\n\n\n<p><a href=\"https:\/\/www.adobe.com\/de\/acrobat\/pdf-reader.html\" data-type=\"link\" data-id=\"https:\/\/www.adobe.com\/de\/acrobat\/pdf-reader.html\">Adobe Systems GmbH<\/a><\/p>\n\n\n\n<div class=\"wp-block-buttons is-layout-flex wp-block-buttons-is-layout-flex\">\n<div class=\"wp-block-button\"><a class=\"wp-block-button__link wp-element-button\" href=\"https:\/\/www.office-tech.info\/downloads\/Reader_de_install.exe\">Download<\/a><\/div>\n<\/div>\n\n\n\n<hr class=\"wp-block-separator has-alpha-channel-opacity\"\/>\n\n\n\n<h2 class=\"wp-block-heading\">ADW Cleaner<\/h2>\n\n\n\n<p>Spielt Ihr PC verr\u00fcckt? M\u00f6glicherweise ist er von Adware, potenziell unerw\u00fcnschten Programmen (PUPs) oder einem Browser-Hijacker befallen. Malwarebytes AdwCleaner entfernt fiese Programme, die Ihren Computer verlangsamen und dessen Leistung beeintr\u00e4chtigen.<\/p>\n\n\n\n<p><a href=\"https:\/\/www.malwarebytes.com\/de\/adwcleaner\" data-type=\"link\" data-id=\"https:\/\/www.malwarebytes.com\/de\/adwcleaner\">Malwarebytes<\/a><\/p>\n\n\n\n<div class=\"wp-block-buttons is-layout-flex wp-block-buttons-is-layout-flex\">\n<div class=\"wp-block-button\"><a class=\"wp-block-button__link wp-element-button\" href=\"https:\/\/www.office-tech.info\/downloads\/adwcleaner.exe\">Download<\/a><\/div>\n<\/div>\n\n\n\n<hr class=\"wp-block-separator has-alpha-channel-opacity\"\/>\n\n\n\n<h2 class=\"wp-block-heading\">Core Temp<\/h2>\n\n\n\n<p>Tool zum Auslesen von Temperaturen einzelner Prozessor-Kerne.<\/p>\n\n\n\n<p><a href=\"https:\/\/www.alcpu.com\/CoreTemp\/\">CoreTemp<\/a><\/p>\n\n\n\n<div class=\"wp-block-buttons is-layout-flex wp-block-buttons-is-layout-flex\">\n<div class=\"wp-block-button\"><a class=\"wp-block-button__link wp-element-button\" href=\"https:\/\/www.office-tech.info\/downloads\/Core-Temp-setup-v1.18.1.0.exe\">Download<\/a><\/div>\n<\/div>\n\n\n\n<hr class=\"wp-block-separator has-alpha-channel-opacity\"\/>\n\n\n\n<h2 class=\"wp-block-heading\">CPU-Z<\/h2>\n\n\n\n<p>CPU-Z ist ein Tool im Stil von WCPUID. Mit ihm lassen sich CPU Speed, Spannung, Mainboard-Informationen sowie Informationen \u00fcber die Einstellungen des Speichers anzeigen. Es unterst\u00c3\u00bctzt in der Regel alle hochaktuellen Prozessoren von Intel und AMD, meist greift es sogar mit Modellen ganz neuen Typs ein wenig voraus. Seit der Version 1.52 gibt es in CPU-Z einen neuen \u201eGraphics\u201c-Reiter, der grundlegende Daten der Grafikkarte anzeigt. Ebenso liegt seit dieser Version eine verbesserte Unterst\u00fctzung f\u00fcr \u201eWindows 7\u201c vor.<\/p>\n\n\n\n<p><a href=\"https:\/\/www.cpuid.com\">CPUID<\/a><\/p>\n\n\n\n<div class=\"wp-block-buttons is-layout-flex wp-block-buttons-is-layout-flex\">\n<div class=\"wp-block-button\"><a class=\"wp-block-button__link wp-element-button\" href=\"https:\/\/www.office-tech.info\/downloads\/cpu-z_2.14-en.exe\">Download<\/a><\/div>\n<\/div>\n\n\n\n<hr class=\"wp-block-separator has-alpha-channel-opacity\"\/>\n\n\n\n<h2 class=\"wp-block-heading\">Everest Corporate<\/h2>\n\n\n\n<p>\u201eEVEREST Ultimate Edition\u201c ist ein Programm zum \u00dcberpr\u00fcfen und Einstellen des Systems. Dabei bietet es eine \u00dcberschauliche Oberfl\u00e4che und ist leicht in der Handhabung. Neben Hardware- und Software-Informationen liefert das Tool auch n\u00fctzliche Tipps um den PC zu optimieren.<\/p>\n\n\n\n<p><a href=\"https:\/\/www.aida64.com\">Aida64<\/a><\/p>\n\n\n\n<div class=\"wp-block-buttons is-layout-flex wp-block-buttons-is-layout-flex\">\n<div class=\"wp-block-button\"><a class=\"wp-block-button__link wp-element-button\" href=\"https:\/\/www.office-tech.info\/downloads\/everestultimate550.exe\">Download<\/a><\/div>\n<\/div>\n\n\n\n<hr class=\"wp-block-separator has-alpha-channel-opacity\"\/>\n\n\n\n<h2 class=\"wp-block-heading\">IP Scanner<\/h2>\n\n\n\n<p>Ist ein kleines n\u00fctzliches Programm zum Auslesen der im Netzwerk aktiven Ger\u00e4te.<\/p>\n\n\n\n<p><a href=\"https:\/\/www.eusing.com\">Eusing Software<\/a><\/p>\n\n\n\n<div class=\"wp-block-buttons is-layout-flex wp-block-buttons-is-layout-flex\">\n<div class=\"wp-block-button\"><a class=\"wp-block-button__link wp-element-button\" href=\"https:\/\/www.office-tech.info\/downloads\/Advanced_IP_Scanner_2.5.4594.1.exe\">Download<\/a><\/div>\n<\/div>\n\n\n\n<hr class=\"wp-block-separator has-alpha-channel-opacity\"\/>\n\n\n\n<h2 class=\"wp-block-heading\">Microsoft TweakUI<\/h2>\n\n\n\n<p>Mit TweakUI lassen sich viele Einstellungen vornehmen, die die Bedienung von Windows viel komfortabler und angenehmer machen. Nach der Installation des nur knapp 100 KByte gro\u00dfen Werkzeugs findet sich das Symbol Tweak UI im Men\u00fc der Systemsteuerung. Es beinhaltet eine ganze Palette an Optionen, die sich f\u00fcr jeden Anwender eignen.<\/p>\n\n\n\n<p><a href=\"http:\/\/www.microsoft.de\/\">Microsoft<\/a><\/p>\n\n\n\n<div class=\"wp-block-buttons is-layout-flex wp-block-buttons-is-layout-flex\">\n<div class=\"wp-block-button\"><a class=\"wp-block-button__link wp-element-button\" href=\"https:\/\/www.office-tech.info\/downloads\/TweakUiPowertoySetup.exe\">Download<\/a><\/div>\n<\/div>\n\n\n\n<hr class=\"wp-block-separator has-alpha-channel-opacity\"\/>\n\n\n\n<h2 class=\"wp-block-heading\">Ninite<\/h2>\n\n\n\n<p>Mit Ninite lassen sich alle m\u00f6glichen n\u00fctzlichen Programme installieren, von Audio Wiedergabe Programmen zu Teamviewer, alles was Sie brauchen l\u00e4sst sich ganz einfach auf der Website ausw\u00e4hlen. Die Website konfiguriert dann automatisch eine .exe Installationsdatei welche Sie dann ganz bequem im Hintergrund laufen lassen k\u00f6nnen, um alle Programme die sie ausgew\u00e4hlt haben zu installieren.<\/p>\n\n\n\n<p><a href=\"https:\/\/ninite.com\">Ninite<\/a><\/p>\n\n\n\n<hr class=\"wp-block-separator has-alpha-channel-opacity\"\/>\n\n\n\n<h2 class=\"wp-block-heading\">PDFCreator<\/h2>\n\n\n\n<p>PDF ist das Format f\u00fcr system\u00fcbergreifende Dokumente. Mit dem kostenlosen PDFCreator k\u00f6nnen im Handumdrehen eigene PDF-Dateien erstellt werden.<\/p>\n\n\n\n<p><a href=\"https:\/\/www.pdfforge.org\">Pdfforge<\/a><\/p>\n\n\n\n<div class=\"wp-block-buttons is-layout-flex wp-block-buttons-is-layout-flex\">\n<div class=\"wp-block-button\"><a class=\"wp-block-button__link wp-element-button\" href=\"https:\/\/www.office-tech.info\/downloads\/PDFCreator-5_3_3-Setup.exe\">Download<\/a><\/div>\n<\/div>\n\n\n\n<hr class=\"wp-block-separator has-alpha-channel-opacity\"\/>\n\n\n\n<h2 class=\"wp-block-heading\">Prime95<\/h2>\n\n\n\n<p>Das erstklassige Testprogramm f\u00fcr den kompletten Aufbau von Mainboard, CPU und Arbeitsspeicher. Wer seinen Rechner zu sehr \u00dcbertaktet hat, bekommt von Prime95 in dem Test eine Fehlermeldung, ohne dass Windows oder ein anderes Programm davon Schaden nimmt.<\/p>\n\n\n\n<p><a href=\"https:\/\/www.mersenne.org\">Mersenne<\/a><\/p>\n\n\n\n<div class=\"wp-block-buttons is-layout-flex wp-block-buttons-is-layout-flex\">\n<div class=\"wp-block-button\"><a class=\"wp-block-button__link wp-element-button\" href=\"https:\/\/www.office-tech.info\/downloads\/p95v3019b20.win64.zip\">Download<\/a><\/div>\n<\/div>\n\n\n\n<hr class=\"wp-block-separator has-alpha-channel-opacity\"\/>\n\n\n\n<h2 class=\"wp-block-heading\">Teamviewer Quicksupport<\/h2>\n\n\n\n<p>Mit TeamViewer steuern Sie den Rechner eines Partners direkt \u00fcber das Internet.<\/p>\n\n\n\n<p><a href=\"http:\/\/www.teamviewer.com\">Teamviewer<\/a><\/p>\n\n\n\n<div class=\"wp-block-buttons is-layout-flex wp-block-buttons-is-layout-flex\">\n<div class=\"wp-block-button\"><a class=\"wp-block-button__link wp-element-button\" href=\"https:\/\/www.office-tech.info\/downloads\/TeamViewerQS_x64.exe\">Download<\/a><\/div>\n<\/div>\n\n\n\n<hr class=\"wp-block-separator has-alpha-channel-opacity\"\/>\n\n\n\n<h2 class=\"wp-block-heading\">WinRAR<\/h2>\n\n\n\n<p>Die Grundfunktionen umfassen das Packen und Entpacken von Archiven, das Erzeugen von selbstentpackenden SFX-Archiven sowie die Reparatur von besch\u00e4digten Archiven. WinRAR hat nat\u00fcrlich volle Kompatibilit\u00e4t zum ZIP-Format.<\/p>\n\n\n\n<p><a href=\"https:\/\/www.rarlab.com\">rarlab<\/a><\/p>\n\n\n\n<div class=\"wp-block-buttons is-layout-flex wp-block-buttons-is-layout-flex\">\n<div class=\"wp-block-button\"><a class=\"wp-block-button__link wp-element-button\" href=\"https:\/\/www.office-tech.info\/downloads\/winrar-x64-701.exe\">Download<\/a><\/div>\n<\/div>\n","protected":false},"excerpt":{"rendered":"<p>Downloads. Auf dieser Seite befinden sich Downloadlinks zu praktischen Programmen welche wir des \u00d6fteren verwenden. Adobe Acrobat Reader Der \u201eAdobe Reader\u201c geh\u00f6rt heutzutage auf jeden Rechner zur Standard-Ausstattung. Die Software ist weiterhin gratis und erlaubt das Betrachten sowie Drucken von PDF-Dokumenten. Adobe Systems GmbH ADW Cleaner Spielt Ihr PC verr\u00fcckt? M\u00f6glicherweise ist er von Adware, [&hellip;]<\/p>\n","protected":false},"author":3,"featured_media":0,"parent":0,"menu_order":0,"comment_status":"closed","ping_status":"closed","template":"","meta":{"footnotes":""},"class_list":["post-1375","page","type-page","status-publish","hentry"],"_links":{"self":[{"href":"https:\/\/beta.office-tech.info\/index.php?rest_route=\/wp\/v2\/pages\/1375","targetHints":{"allow":["GET"]}}],"collection":[{"href":"https:\/\/beta.office-tech.info\/index.php?rest_route=\/wp\/v2\/pages"}],"about":[{"href":"https:\/\/beta.office-tech.info\/index.php?rest_route=\/wp\/v2\/types\/page"}],"author":[{"embeddable":true,"href":"https:\/\/beta.office-tech.info\/index.php?rest_route=\/wp\/v2\/users\/3"}],"replies":[{"embeddable":true,"href":"https:\/\/beta.office-tech.info\/index.php?rest_route=%2Fwp%2Fv2%2Fcomments&post=1375"}],"version-history":[{"count":12,"href":"https:\/\/beta.office-tech.info\/index.php?rest_route=\/wp\/v2\/pages\/1375\/revisions"}],"predecessor-version":[{"id":1554,"href":"https:\/\/beta.office-tech.info\/index.php?rest_route=\/wp\/v2\/pages\/1375\/revisions\/1554"}],"wp:attachment":[{"href":"https:\/\/beta.office-tech.info\/index.php?rest_route=%2Fwp%2Fv2%2Fmedia&parent=1375"}],"curies":[{"name":"wp","href":"https:\/\/api.w.org\/{rel}","templated":true}]}}