{"id":1231,"date":"2025-02-07T16:38:34","date_gmt":"2025-02-07T16:38:34","guid":{"rendered":"https:\/\/beta.office-tech.info\/?page_id=1231"},"modified":"2025-02-13T09:28:02","modified_gmt":"2025-02-13T09:28:02","slug":"netzwerkdesign-betrieb","status":"publish","type":"page","link":"https:\/\/beta.office-tech.info\/?page_id=1231","title":{"rendered":"Netzwerkdesign\/ -betrieb"},"content":{"rendered":"\n<h2 class=\"wp-block-heading\">Netzwerkdesign\/ -betrieb:<\/h2>\n\n\n\n<p>Netzwerkdesign\/ -betrieb: Dein digitales R\u00fcckgrat! \ud83c\udfd7\ufe0f<br>Du m\u00f6chtest ein stabiles und sicheres Netzwerk, das deinen Anforderungen gerecht wird? Netzwerkdesign\/ -betrieb ist die L\u00f6sung!<\/p>\n\n\n\n<p><strong>Was wir tun:<\/strong><\/p>\n\n\n\n<p><strong>Planung &amp; Design:<\/strong> Wir planen und designen ein Netzwerk, das perfekt auf deine Bed\u00fcrfnisse zugeschnitten ist.<br><strong>Implementierung:<\/strong> Wir installieren und konfigurieren dein Netzwerk nach deinen Vorgaben.<br><strong>Betrieb &amp; Wartung:<\/strong> Wir betreiben und warten dein Netzwerk, um einen reibungslosen Betrieb zu gew\u00e4hrleisten.<br><strong>Sicherheitsmanagement:<\/strong> Wir sch\u00fctzen dein Netzwerk vor Angriffen und Datenverlust.<br><strong>Monitoring:<\/strong> Wir \u00fcberwachen dein Netzwerk und erkennen fr\u00fchzeitig Probleme.<\/p>\n\n\n\n<p><br><strong>Warum Netzwerkdesign\/ -betrieb wichtig ist:<\/strong><\/p>\n\n\n\n<p><strong>Stabilit\u00e4t &amp; Zuverl\u00e4ssigkeit:<\/strong> Dein Netzwerk funktioniert jederzeit einwandfrei.<br><strong>Sicherheit:<\/strong> Deine Daten sind sicher vor unbefugtem Zugriff.<br><strong>Skalierbarkeit:<\/strong> Dein Netzwerk w\u00e4chst mit deinen Anforderungen mit.<br><strong>Effizienz: <\/strong>Du nutzt deine Ressourcen optimal und sparst Kosten.<br><strong>Kontrolle:<\/strong> Du hast jederzeit Einblick in den Zustand deines Netzwerks.<\/p>\n\n\n\n<p><br><strong>Was du bekommst:<\/strong><\/p>\n\n\n\n<p><strong>Individuelle L\u00f6sungen:<\/strong> Wir entwickeln ein Netzwerk, das perfekt auf deine Bed\u00fcrfnisse zugeschnitten ist.<br><strong>Expertise:<\/strong> Wir verf\u00fcgen \u00fcber langj\u00e4hrige Erfahrung im Netzwerkdesign und -betrieb.<br><strong>Rundum-Sorglos-Paket:<\/strong> Wir k\u00fcmmern uns um alles, von der Planung bis zur Wartung.<br><strong>Transparenz:<\/strong> Du erh\u00e4ltst regelm\u00e4\u00dfige Berichte \u00fcber den Zustand deines Netzwerks.<\/p>\n\n\n\n<div class=\"wp-block-group alignfull is-content-justification-center is-layout-constrained wp-block-group-is-layout-constrained\" style=\"margin-top:0;margin-bottom:0\">\n<div style=\"height:var(--wp--preset--spacing--20)\" aria-hidden=\"true\" class=\"wp-block-spacer\"><\/div>\n\n\n\n<div class=\"wp-block-group alignwide is-layout-flow wp-block-group-is-layout-flow\">\n<div aria-hidden=\"true\" class=\"wp-block-spacer\"><\/div>\n<\/div>\n\n\n\n<div style=\"height:var(--wp--preset--spacing--20)\" aria-hidden=\"true\" class=\"wp-block-spacer\"><\/div>\n<\/div>\n","protected":false},"excerpt":{"rendered":"<p>Netzwerkdesign\/ -betrieb: Netzwerkdesign\/ -betrieb: Dein digitales R\u00fcckgrat! \ud83c\udfd7\ufe0fDu m\u00f6chtest ein stabiles und sicheres Netzwerk, das deinen Anforderungen gerecht wird? Netzwerkdesign\/ -betrieb ist die L\u00f6sung! Was wir tun: Planung &amp; Design: Wir planen und designen ein Netzwerk, das perfekt auf deine Bed\u00fcrfnisse zugeschnitten ist.Implementierung: Wir installieren und konfigurieren dein Netzwerk nach deinen Vorgaben.Betrieb &amp; Wartung: Wir [&hellip;]<\/p>\n","protected":false},"author":3,"featured_media":0,"parent":0,"menu_order":0,"comment_status":"closed","ping_status":"closed","template":"","meta":{"footnotes":""},"class_list":["post-1231","page","type-page","status-publish","hentry"],"_links":{"self":[{"href":"https:\/\/beta.office-tech.info\/index.php?rest_route=\/wp\/v2\/pages\/1231","targetHints":{"allow":["GET"]}}],"collection":[{"href":"https:\/\/beta.office-tech.info\/index.php?rest_route=\/wp\/v2\/pages"}],"about":[{"href":"https:\/\/beta.office-tech.info\/index.php?rest_route=\/wp\/v2\/types\/page"}],"author":[{"embeddable":true,"href":"https:\/\/beta.office-tech.info\/index.php?rest_route=\/wp\/v2\/users\/3"}],"replies":[{"embeddable":true,"href":"https:\/\/beta.office-tech.info\/index.php?rest_route=%2Fwp%2Fv2%2Fcomments&post=1231"}],"version-history":[{"count":16,"href":"https:\/\/beta.office-tech.info\/index.php?rest_route=\/wp\/v2\/pages\/1231\/revisions"}],"predecessor-version":[{"id":1510,"href":"https:\/\/beta.office-tech.info\/index.php?rest_route=\/wp\/v2\/pages\/1231\/revisions\/1510"}],"wp:attachment":[{"href":"https:\/\/beta.office-tech.info\/index.php?rest_route=%2Fwp%2Fv2%2Fmedia&parent=1231"}],"curies":[{"name":"wp","href":"https:\/\/api.w.org\/{rel}","templated":true}]}}